{"id":103,"date":"2023-11-07T13:17:14","date_gmt":"2023-11-07T13:17:14","guid":{"rendered":"https:\/\/jorjtogo.ro\/?page_id=103"},"modified":"2023-11-16T14:18:22","modified_gmt":"2023-11-16T14:18:22","slug":"concept","status":"publish","type":"page","link":"https:\/\/jorjtogo.ro\/ro\/concept\/","title":{"rendered":"Concept"},"content":{"rendered":"<div data-elementor-type=\"wp-page\" data-elementor-id=\"103\" class=\"elementor elementor-103\" data-elementor-post-type=\"page\">\n\t\t\t\t\t\t\t\t\t<section class=\"elementor-section elementor-top-section elementor-element elementor-element-9b29621 elementor-section-boxed elementor-section-height-default elementor-section-height-default\" data-id=\"9b29621\" data-element_type=\"section\" data-settings=\"{&quot;background_background&quot;:&quot;classic&quot;,&quot;shape_divider_bottom&quot;:&quot;curve&quot;,&quot;shape_divider_bottom_negative&quot;:&quot;yes&quot;}\">\n\t\t\t\t\t\t\t<div class=\"elementor-background-overlay\"><\/div>\n\t\t\t\t\t\t<div class=\"elementor-shape elementor-shape-bottom\" data-negative=\"true\">\n\t\t\t<svg xmlns=\"http:\/\/www.w3.org\/2000\/svg\" viewbox=\"0 0 1000 100\" preserveaspectratio=\"none\">\n\t<path class=\"elementor-shape-fill\" d=\"M500,97C126.7,96.3,0.8,19.8,0,0v100l1000,0V1C1000,19.4,873.3,97.8,500,97z\"\/>\n<\/svg>\t\t<\/div>\n\t\t\t\t\t<div class=\"elementor-container elementor-column-gap-default\">\n\t\t\t\t\t<div class=\"elementor-column elementor-col-100 elementor-top-column elementor-element elementor-element-b5441ed\" data-id=\"b5441ed\" data-element_type=\"column\">\n\t\t\t<div class=\"elementor-widget-wrap elementor-element-populated\">\n\t\t\t\t\t\t\t\t<div class=\"elementor-element elementor-element-452f16d elementor-widget elementor-widget-heading\" data-id=\"452f16d\" data-element_type=\"widget\" data-widget_type=\"heading.default\">\n\t\t\t\t<div class=\"elementor-widget-container\">\n\t\t\t<style>\/*! elementor - v3.18.0 - 08-12-2023 *\/\n.elementor-heading-title{padding:0;margin:0;line-height:1}.elementor-widget-heading .elementor-heading-title[class*=elementor-size-]>a{color:inherit;font-size:inherit;line-height:inherit}.elementor-widget-heading .elementor-heading-title.elementor-size-small{font-size:15px}.elementor-widget-heading .elementor-heading-title.elementor-size-medium{font-size:19px}.elementor-widget-heading .elementor-heading-title.elementor-size-large{font-size:29px}.elementor-widget-heading .elementor-heading-title.elementor-size-xl{font-size:39px}.elementor-widget-heading .elementor-heading-title.elementor-size-xxl{font-size:59px}<\/style><h1 class=\"elementor-heading-title elementor-size-default\">Concept<\/h1>\t\t<\/div>\n\t\t\t\t<\/div>\n\t\t\t\t<div class=\"elementor-element elementor-element-77216f0 elementor-widget elementor-widget-text-editor\" data-id=\"77216f0\" data-element_type=\"widget\" data-widget_type=\"text-editor.default\">\n\t\t\t\t<div class=\"elementor-widget-container\">\n\t\t\t<style>\/*! elementor - v3.18.0 - 08-12-2023 *\/\n.elementor-widget-text-editor.elementor-drop-cap-view-stacked .elementor-drop-cap{background-color:#69727d;color:#fff}.elementor-widget-text-editor.elementor-drop-cap-view-framed .elementor-drop-cap{color:#69727d;border:3px solid;background-color:transparent}.elementor-widget-text-editor:not(.elementor-drop-cap-view-default) .elementor-drop-cap{margin-top:8px}.elementor-widget-text-editor:not(.elementor-drop-cap-view-default) .elementor-drop-cap-letter{width:1em;height:1em}.elementor-widget-text-editor .elementor-drop-cap{float:left;text-align:center;line-height:1;font-size:50px}.elementor-widget-text-editor .elementor-drop-cap-letter{display:inline-block}<\/style>\t\t\t\tC\u00e2nd alegi Jorj To Go, alegi un gust excep\u021bional, prospe\u021bime \u0219i fiabilitate.\t\t\t\t\t\t<\/div>\n\t\t\t\t<\/div>\n\t\t\t\t\t<\/div>\n\t\t<\/div>\n\t\t\t\t\t\t\t<\/div>\n\t\t<\/section>\n\t\t\t\t<section class=\"elementor-section elementor-top-section elementor-element elementor-element-a33c45a elementor-section-content-middle elementor-section-boxed elementor-section-height-default elementor-section-height-default\" data-id=\"a33c45a\" data-element_type=\"section\">\n\t\t\t\t\t\t<div class=\"elementor-container elementor-column-gap-default\">\n\t\t\t\t\t<div class=\"elementor-column elementor-col-50 elementor-top-column elementor-element elementor-element-a883dec\" data-id=\"a883dec\" data-element_type=\"column\">\n\t\t\t<div class=\"elementor-widget-wrap elementor-element-populated\">\n\t\t\t\t\t\t\t\t<div class=\"elementor-element elementor-element-7f2c78e elementor-widget elementor-widget-image\" data-id=\"7f2c78e\" data-element_type=\"widget\" data-widget_type=\"image.default\">\n\t\t\t\t<div class=\"elementor-widget-container\">\n\t\t\t<style>\/*! elementor - v3.18.0 - 08-12-2023 *\/\n.elementor-widget-image{text-align:center}.elementor-widget-image a{display:inline-block}.elementor-widget-image a img[src$=\".svg\"]{width:48px}.elementor-widget-image img{vertical-align:middle;display:inline-block}<\/style>\t\t\t\t\t\t\t\t\t\t\t\t<img decoding=\"async\" src=\"https:\/\/jorjtogo.ro\/wp-content\/uploads\/elementor\/thumbs\/catering-buffet-food-setting-in-modern-restaurant-closeup-self-service-concept-qf0g07lm2ss8yb15f3g1j8imixmduvxohxvmb3sh6w.jpg\" title=\"Catering buffet food setting in modern restaurant closeup. Self-service concept\" alt=\"Catering buffet food setting in modern restaurant closeup. Self-service concept\" loading=\"lazy\" \/>\t\t\t\t\t\t\t\t\t\t\t\t\t\t\t<\/div>\n\t\t\t\t<\/div>\n\t\t\t\t\t<\/div>\n\t\t<\/div>\n\t\t\t\t<div class=\"elementor-column elementor-col-50 elementor-top-column elementor-element elementor-element-08f615b\" data-id=\"08f615b\" data-element_type=\"column\" data-settings=\"{&quot;background_background&quot;:&quot;classic&quot;}\">\n\t\t\t<div class=\"elementor-widget-wrap elementor-element-populated\">\n\t\t\t\t\t\t\t\t<div class=\"elementor-element elementor-element-76fdc40 elementor-widget elementor-widget-heading\" data-id=\"76fdc40\" data-element_type=\"widget\" data-widget_type=\"heading.default\">\n\t\t\t\t<div class=\"elementor-widget-container\">\n\t\t\t<h5 class=\"elementor-heading-title elementor-size-default\">Jorj To Go<\/h5>\t\t<\/div>\n\t\t\t\t<\/div>\n\t\t\t\t<div class=\"elementor-element elementor-element-89dc35e elementor-widget elementor-widget-heading\" data-id=\"89dc35e\" data-element_type=\"widget\" data-widget_type=\"heading.default\">\n\t\t\t\t<div class=\"elementor-widget-container\">\n\t\t\t<h2 class=\"elementor-heading-title elementor-size-default\">Concept<\/h2>\t\t<\/div>\n\t\t\t\t<\/div>\n\t\t\t\t<div class=\"elementor-element elementor-element-9c8e56c elementor-widget elementor-widget-text-editor\" data-id=\"9c8e56c\" data-element_type=\"widget\" data-widget_type=\"text-editor.default\">\n\t\t\t\t<div class=\"elementor-widget-container\">\n\t\t\t\t\t\t\t<p>Conceptul nostru a plecat de la bucuria unei mese rapide, s\u0103n\u0103toase \u0219i delicioase. \u0218tim, este greu s\u0103 te g\u00e2nde\u0219ti c\u0103 le putem oferi pe toate, \u00eens\u0103 te vei convinge dup\u0103 o prim\u0103 vizit\u0103! Meniul este atent organizat \u0219i cuprinde preparate tradi\u021bional rom\u00e2ne\u0219ti. \u00cemp\u0103rt\u0103\u0219im astfel tuturor clien\u021bilor no\u0219tri din tradi\u021biile buc\u0103t\u0103riei rom\u00e2ne\u0219ti, pline de savoare, proaspete, s\u0103n\u0103toase, toate servite la pachet cu bun\u0103 dispozi\u021bie!\nSpa\u021biul nostru este conceput pentru a te \u00eent\u00e2mpina cu c\u0103ldur\u0103, fiind o atmosfer\u0103 primitoare \u00een care s\u0103 po\u021bi viziona o bun\u0103 parte din gama noastr\u0103 de preparate. Din momentul \u00een care intri, vei fi \u00eent\u00e2mpinat de aroma \u00eembietoare a bucatelor proasp\u0103t preparate, ce \u00ee\u021bi vor face o imediat\u0103 poft\u0103! Mai mult dec\u00e2t at\u00e2t, buc\u0103t\u0103resele noastre abia a\u0219teapt\u0103 s\u0103 te cunoasc\u0103 \u0219i s\u0103 \u00ee\u021bi prezinte din ofertele noastre zilnice. Totu\u0219i, oric\u00e2t de mult \u021bi-ai dori, ingredientul secret al gustului savuros nu \u00ee\u021bi va fi dezv\u0103luit!<\/p>\t\t\t\t\t\t<\/div>\n\t\t\t\t<\/div>\n\t\t\t\t\t<\/div>\n\t\t<\/div>\n\t\t\t\t\t\t\t<\/div>\n\t\t<\/section>\n\t\t\t\t\t\t\t<\/div>","protected":false},"excerpt":{"rendered":"<p>Concept When you choose Jorj To Go, you choose exceptional taste, freshness, and reliability. Jorj To Go Our concept Our concept is born from the joy of a quick, healthy, and delicious meal. We know it&#8217;s hard to believe we can offer it all, but you&#8217;ll be convinced after your first visit! The menu is [&hellip;]<\/p>","protected":false},"author":1,"featured_media":0,"parent":0,"menu_order":0,"comment_status":"closed","ping_status":"closed","template":"elementor_header_footer","meta":{"footnotes":""},"class_list":["post-103","page","type-page","status-publish","hentry","entry"],"_links":{"self":[{"href":"https:\/\/jorjtogo.ro\/ro\/wp-json\/wp\/v2\/pages\/103","targetHints":{"allow":["GET"]}}],"collection":[{"href":"https:\/\/jorjtogo.ro\/ro\/wp-json\/wp\/v2\/pages"}],"about":[{"href":"https:\/\/jorjtogo.ro\/ro\/wp-json\/wp\/v2\/types\/page"}],"author":[{"embeddable":true,"href":"https:\/\/jorjtogo.ro\/ro\/wp-json\/wp\/v2\/users\/1"}],"replies":[{"embeddable":true,"href":"https:\/\/jorjtogo.ro\/ro\/wp-json\/wp\/v2\/comments?post=103"}],"version-history":[{"count":13,"href":"https:\/\/jorjtogo.ro\/ro\/wp-json\/wp\/v2\/pages\/103\/revisions"}],"predecessor-version":[{"id":233,"href":"https:\/\/jorjtogo.ro\/ro\/wp-json\/wp\/v2\/pages\/103\/revisions\/233"}],"wp:attachment":[{"href":"https:\/\/jorjtogo.ro\/ro\/wp-json\/wp\/v2\/media?parent=103"}],"curies":[{"name":"wp","href":"https:\/\/api.w.org\/{rel}","templated":true}]}}