{"id":89,"date":"2023-11-07T13:12:52","date_gmt":"2023-11-07T13:12:52","guid":{"rendered":"https:\/\/jorjtogo.ro\/?page_id=89"},"modified":"2023-11-16T14:19:13","modified_gmt":"2023-11-16T14:19:13","slug":"about-us","status":"publish","type":"page","link":"https:\/\/jorjtogo.ro\/ro\/about-us\/","title":{"rendered":"Despre noi"},"content":{"rendered":"<div data-elementor-type=\"wp-page\" data-elementor-id=\"89\" class=\"elementor elementor-89\" data-elementor-post-type=\"page\">\n\t\t\t\t\t\t\t\t\t<section class=\"elementor-section elementor-top-section elementor-element elementor-element-7331ffbf elementor-section-boxed elementor-section-height-default elementor-section-height-default\" data-id=\"7331ffbf\" data-element_type=\"section\" data-settings=\"{&quot;background_background&quot;:&quot;classic&quot;,&quot;shape_divider_bottom&quot;:&quot;curve&quot;,&quot;shape_divider_bottom_negative&quot;:&quot;yes&quot;}\">\n\t\t\t\t\t\t\t<div class=\"elementor-background-overlay\"><\/div>\n\t\t\t\t\t\t<div class=\"elementor-shape elementor-shape-bottom\" data-negative=\"true\">\n\t\t\t<svg xmlns=\"http:\/\/www.w3.org\/2000\/svg\" viewbox=\"0 0 1000 100\" preserveaspectratio=\"none\">\n\t<path class=\"elementor-shape-fill\" d=\"M500,97C126.7,96.3,0.8,19.8,0,0v100l1000,0V1C1000,19.4,873.3,97.8,500,97z\"\/>\n<\/svg>\t\t<\/div>\n\t\t\t\t\t<div class=\"elementor-container elementor-column-gap-default\">\n\t\t\t\t\t<div class=\"elementor-column elementor-col-100 elementor-top-column elementor-element elementor-element-329f890a\" data-id=\"329f890a\" data-element_type=\"column\">\n\t\t\t<div class=\"elementor-widget-wrap elementor-element-populated\">\n\t\t\t\t\t\t\t\t<div class=\"elementor-element elementor-element-1283ddf9 elementor-widget elementor-widget-heading\" data-id=\"1283ddf9\" data-element_type=\"widget\" data-widget_type=\"heading.default\">\n\t\t\t\t<div class=\"elementor-widget-container\">\n\t\t\t<style>\/*! elementor - v3.18.0 - 08-12-2023 *\/\n.elementor-heading-title{padding:0;margin:0;line-height:1}.elementor-widget-heading .elementor-heading-title[class*=elementor-size-]>a{color:inherit;font-size:inherit;line-height:inherit}.elementor-widget-heading .elementor-heading-title.elementor-size-small{font-size:15px}.elementor-widget-heading .elementor-heading-title.elementor-size-medium{font-size:19px}.elementor-widget-heading .elementor-heading-title.elementor-size-large{font-size:29px}.elementor-widget-heading .elementor-heading-title.elementor-size-xl{font-size:39px}.elementor-widget-heading .elementor-heading-title.elementor-size-xxl{font-size:59px}<\/style><h1 class=\"elementor-heading-title elementor-size-default\">Despre noi<\/h1>\t\t<\/div>\n\t\t\t\t<\/div>\n\t\t\t\t<div class=\"elementor-element elementor-element-27c8c8b8 elementor-widget elementor-widget-text-editor\" data-id=\"27c8c8b8\" data-element_type=\"widget\" data-widget_type=\"text-editor.default\">\n\t\t\t\t<div class=\"elementor-widget-container\">\n\t\t\t<style>\/*! elementor - v3.18.0 - 08-12-2023 *\/\n.elementor-widget-text-editor.elementor-drop-cap-view-stacked .elementor-drop-cap{background-color:#69727d;color:#fff}.elementor-widget-text-editor.elementor-drop-cap-view-framed .elementor-drop-cap{color:#69727d;border:3px solid;background-color:transparent}.elementor-widget-text-editor:not(.elementor-drop-cap-view-default) .elementor-drop-cap{margin-top:8px}.elementor-widget-text-editor:not(.elementor-drop-cap-view-default) .elementor-drop-cap-letter{width:1em;height:1em}.elementor-widget-text-editor .elementor-drop-cap{float:left;text-align:center;line-height:1;font-size:50px}.elementor-widget-text-editor .elementor-drop-cap-letter{display:inline-block}<\/style>\t\t\t\tC\u00e2nd alegi Jorj To Go, alegi un gust excep\u021bional, prospe\u021bime \u0219i fiabilitate.\t\t\t\t\t\t<\/div>\n\t\t\t\t<\/div>\n\t\t\t\t\t<\/div>\n\t\t<\/div>\n\t\t\t\t\t\t\t<\/div>\n\t\t<\/section>\n\t\t\t\t<section class=\"elementor-section elementor-top-section elementor-element elementor-element-55191464 elementor-section-content-middle elementor-section-boxed elementor-section-height-default elementor-section-height-default\" data-id=\"55191464\" data-element_type=\"section\">\n\t\t\t\t\t\t<div class=\"elementor-container elementor-column-gap-default\">\n\t\t\t\t\t<div class=\"elementor-column elementor-col-50 elementor-top-column elementor-element elementor-element-927d64e\" data-id=\"927d64e\" data-element_type=\"column\">\n\t\t\t<div class=\"elementor-widget-wrap elementor-element-populated\">\n\t\t\t\t\t\t\t\t<div class=\"elementor-element elementor-element-45e91349 elementor-widget elementor-widget-image\" data-id=\"45e91349\" data-element_type=\"widget\" data-widget_type=\"image.default\">\n\t\t\t\t<div class=\"elementor-widget-container\">\n\t\t\t<style>\/*! elementor - v3.18.0 - 08-12-2023 *\/\n.elementor-widget-image{text-align:center}.elementor-widget-image a{display:inline-block}.elementor-widget-image a img[src$=\".svg\"]{width:48px}.elementor-widget-image img{vertical-align:middle;display:inline-block}<\/style>\t\t\t\t\t\t\t\t\t\t\t\t<img decoding=\"async\" src=\"https:\/\/jorjtogo.ro\/wp-content\/uploads\/elementor\/thumbs\/different-vegetarian-snacks-sandwiches-with-cucumber-vegetables-cheese-and-greenery-catering-qf0fvxg2xyydswmm2fpudm4936rk6xrpqnp64ynl6o.jpg\" title=\"Different vegetarian snacks, sandwiches with cucumber, vegetables, cheese and greenery, catering\" alt=\"Different vegetarian snacks, sandwiches with cucumber, vegetables, cheese and greenery, catering\" loading=\"lazy\" \/>\t\t\t\t\t\t\t\t\t\t\t\t\t\t\t<\/div>\n\t\t\t\t<\/div>\n\t\t\t\t\t<\/div>\n\t\t<\/div>\n\t\t\t\t<div class=\"elementor-column elementor-col-50 elementor-top-column elementor-element elementor-element-1a51fa2d\" data-id=\"1a51fa2d\" data-element_type=\"column\" data-settings=\"{&quot;background_background&quot;:&quot;classic&quot;}\">\n\t\t\t<div class=\"elementor-widget-wrap elementor-element-populated\">\n\t\t\t\t\t\t\t\t<div class=\"elementor-element elementor-element-736bbfd elementor-widget elementor-widget-heading\" data-id=\"736bbfd\" data-element_type=\"widget\" data-widget_type=\"heading.default\">\n\t\t\t\t<div class=\"elementor-widget-container\">\n\t\t\t<h5 class=\"elementor-heading-title elementor-size-default\">Jorj To Go<\/h5>\t\t<\/div>\n\t\t\t\t<\/div>\n\t\t\t\t<div class=\"elementor-element elementor-element-315ee0be elementor-widget elementor-widget-heading\" data-id=\"315ee0be\" data-element_type=\"widget\" data-widget_type=\"heading.default\">\n\t\t\t\t<div class=\"elementor-widget-container\">\n\t\t\t<h2 class=\"elementor-heading-title elementor-size-default\">Despre noi<\/h2>\t\t<\/div>\n\t\t\t\t<\/div>\n\t\t\t\t<div class=\"elementor-element elementor-element-4c50cbdb elementor-widget elementor-widget-text-editor\" data-id=\"4c50cbdb\" data-element_type=\"widget\" data-widget_type=\"text-editor.default\">\n\t\t\t\t<div class=\"elementor-widget-container\">\n\t\t\t\t\t\t\tBun venit la Jorj To Go! C\u0103l\u0103toria noastr\u0103 a \u00eenceput cu pasiunea de a servi m\u00e2nc\u0103ruri delicioase \u0219i cu g\u00e2ndul de a p\u0103stra \u00een ele gustul de acas\u0103, al copil\u0103riei \u0219i al amintirilor culinare de excep\u021bie. Jorj To Go s-a n\u0103scut cu dorin\u021ba de a oferi multor comunit\u0103\u021bi o selec\u021bie delicioas\u0103 de preparate numai bune de luat acas\u0103.  \nNe-am dat seama c\u0103 via\u021ba poate fi deseori foarte agitat\u0103, dar asta nu ar trebui s\u0103 \u00eensemne compromisuri la gust sau calitate atunci c\u00e2nd vine vorba de mesele tale. A\u0219adar, la Jorj To Go misiunea noastr\u0103 este simpl\u0103 - s\u0103 v\u0103 oferim o experien\u021b\u0103 rapid\u0103 \u0219i \u00eenc\u00e2nt\u0103toare de luat masa din mers, dup\u0103 conceptul \u201eto go\u201d, foarte cunoscut ast\u0103zi.\t\t\t\t\t\t<\/div>\n\t\t\t\t<\/div>\n\t\t\t\t<div class=\"elementor-element elementor-element-1ab8e5cf elementor-widget elementor-widget-heading\" data-id=\"1ab8e5cf\" data-element_type=\"widget\" data-widget_type=\"heading.default\">\n\t\t\t\t<div class=\"elementor-widget-container\">\n\t\t\t<h3 class=\"elementor-heading-title elementor-size-default\">C\u00e2nd alegi Jorj To Go, alegi un gust excep\u021bional, prospe\u021bime \u0219i fiabilitate.<\/h3>\t\t<\/div>\n\t\t\t\t<\/div>\n\t\t\t\t<div class=\"elementor-element elementor-element-7982455d elementor-widget elementor-widget-text-editor\" data-id=\"7982455d\" data-element_type=\"widget\" data-widget_type=\"text-editor.default\">\n\t\t\t\t<div class=\"elementor-widget-container\">\n\t\t\t\t\t\t\t<p>Suntem cu to\u021bii implica\u021bi pentru a servi m\u00e2nc\u0103ruri de \u00eenalt\u0103 calitate, aromate, care s\u0103 r\u0103spund\u0103 poftelor tale, fie c\u0103 te gr\u0103be\u0219ti sau vrei s\u0103 te bucuri de o mas\u0103 rapid\u0103. Cu alte cuvinte, fiecare mas\u0103 este o experien\u021b\u0103 \u0219i suntem aici pentru a face din fiecare mas\u0103 a ta una memorabil\u0103. Calitatea este \u00een centrul a tot ceea ce facem, iar buc\u0103tarii no\u0219tri sunt aten\u021bi la detalii, select\u00e2nd meticulos cele mai bune ingrediente \u0219i prepar\u00e2nd fiecare fel de m\u00e2ncare cu o deosebit\u0103 grij\u0103. C\u00e2nd alegi Jorj To Go, alegi un gust excep\u021bional, prospe\u021bime \u0219i fiabilitate.\u00a0<\/p>\t\t\t\t\t\t<\/div>\n\t\t\t\t<\/div>\n\t\t\t\t\t<\/div>\n\t\t<\/div>\n\t\t\t\t\t\t\t<\/div>\n\t\t<\/section>\n\t\t\t\t\t\t\t<\/div>","protected":false},"excerpt":{"rendered":"<p>About us When you choose Jorj To Go, you choose exceptional taste, freshness, and reliability. Jorj To Go About us Welcome to Jorj To Go! Our journey began with a passion for serving delicious food while preserving the taste of home, childhood, and exceptional culinary memories. Jorj To Go was born with the desire to [&hellip;]<\/p>","protected":false},"author":1,"featured_media":0,"parent":0,"menu_order":0,"comment_status":"closed","ping_status":"closed","template":"elementor_header_footer","meta":{"footnotes":""},"class_list":["post-89","page","type-page","status-publish","hentry","entry"],"_links":{"self":[{"href":"https:\/\/jorjtogo.ro\/ro\/wp-json\/wp\/v2\/pages\/89","targetHints":{"allow":["GET"]}}],"collection":[{"href":"https:\/\/jorjtogo.ro\/ro\/wp-json\/wp\/v2\/pages"}],"about":[{"href":"https:\/\/jorjtogo.ro\/ro\/wp-json\/wp\/v2\/types\/page"}],"author":[{"embeddable":true,"href":"https:\/\/jorjtogo.ro\/ro\/wp-json\/wp\/v2\/users\/1"}],"replies":[{"embeddable":true,"href":"https:\/\/jorjtogo.ro\/ro\/wp-json\/wp\/v2\/comments?post=89"}],"version-history":[{"count":22,"href":"https:\/\/jorjtogo.ro\/ro\/wp-json\/wp\/v2\/pages\/89\/revisions"}],"predecessor-version":[{"id":239,"href":"https:\/\/jorjtogo.ro\/ro\/wp-json\/wp\/v2\/pages\/89\/revisions\/239"}],"wp:attachment":[{"href":"https:\/\/jorjtogo.ro\/ro\/wp-json\/wp\/v2\/media?parent=89"}],"curies":[{"name":"wp","href":"https:\/\/api.w.org\/{rel}","templated":true}]}}